{"id":3807,"date":"2021-03-13T06:53:05","date_gmt":"2021-03-13T06:53:05","guid":{"rendered":"https:\/\/santa-marija.hr\/zastita-osobnih-podataka\/"},"modified":"2023-10-06T09:39:53","modified_gmt":"2023-10-06T09:39:53","slug":"protezione-dei-dati-personali","status":"publish","type":"page","link":"https:\/\/santa-marija.hr\/it\/protezione-dei-dati-personali\/","title":{"rendered":"Protezione dei dati personali"},"content":{"rendered":"<div class=\"fusion-fullwidth fullwidth-box fusion-builder-row-1 fusion-flex-container nonhundred-percent-fullwidth non-hundred-percent-height-scrolling\" style=\"--awb-border-radius-top-left:0px;--awb-border-radius-top-right:0px;--awb-border-radius-bottom-right:0px;--awb-border-radius-bottom-left:0px;--awb-flex-wrap:wrap;\" ><div class=\"fusion-builder-row fusion-row fusion-flex-align-items-flex-start fusion-flex-content-wrap\" style=\"max-width:1393.6px;margin-left: calc(-4% \/ 2 );margin-right: calc(-4% \/ 2 );\"><div class=\"fusion-layout-column fusion_builder_column fusion-builder-column-0 fusion_builder_column_1_6 1_6 fusion-flex-column\" style=\"--awb-bg-size:cover;--awb-width-large:16.666666666667%;--awb-margin-top-large:0px;--awb-spacing-right-large:11.52%;--awb-margin-bottom-large:20px;--awb-spacing-left-large:11.52%;--awb-width-medium:16.666666666667%;--awb-spacing-right-medium:11.52%;--awb-spacing-left-medium:11.52%;--awb-width-small:100%;--awb-spacing-right-small:1.92%;--awb-spacing-left-small:1.92%;\"><div class=\"fusion-column-wrapper fusion-flex-justify-content-flex-start fusion-content-layout-column\"><\/div><\/div><div class=\"fusion-layout-column fusion_builder_column fusion-builder-column-1 fusion_builder_column_2_3 2_3 fusion-flex-column\" style=\"--awb-bg-size:cover;--awb-width-large:66.666666666667%;--awb-margin-top-large:0px;--awb-spacing-right-large:2.88%;--awb-margin-bottom-large:20px;--awb-spacing-left-large:2.88%;--awb-width-medium:66.666666666667%;--awb-spacing-right-medium:2.88%;--awb-spacing-left-medium:2.88%;--awb-width-small:100%;--awb-spacing-right-small:1.92%;--awb-spacing-left-small:1.92%;\"><div class=\"fusion-column-wrapper fusion-flex-justify-content-flex-start fusion-content-layout-column\"><div class=\"fusion-title title fusion-title-1 fusion-sep-none fusion-title-text fusion-title-size-one\" style=\"--awb-margin-top-small:10px;--awb-margin-right-small:0px;--awb-margin-bottom-small:10px;--awb-margin-left-small:0px;--awb-font-size:35px;\"><h1 class=\"fusion-title-heading title-heading-left\" style=\"margin:0;text-transform:capitalize;font-size:1em;\">Protezione dei dati personali<\/h1><\/div><div class=\"fusion-text fusion-text-1\" style=\"--awb-text-transform:none;\"><p style=\"text-align: justify;\"><strong>DATI CHE RACCOGLIAMO<\/strong><\/p>\n<p style=\"text-align: justify;\">L\u2019accesso al sito www.santa-marija.hr \u00e8 gratuito e non richiede la registrazione. Contattandoci tramite gli appositi moduli di contatto o via e-mail, inserisci i tuoi dati (contatto, nome e cognome, e nel testo del messaggio fornisci alcune informazioni su di te). Questi dati sono disponibili esclusivamente presso la SANTA MARIA a cui sono diretti allo scopo di risolvere la tua richiesta. Il conferimento dei dati personali \u00e8 facoltativo. Non elaboriamo pi\u00f9 dati personali di quelli effettivamente necessari per rispondere alla tua richiesta.<\/p>\n<p style=\"text-align: justify;\"><strong>PROTEZIONE DEI TUOI DATI PERSONALI<\/strong><\/p>\n<p style=\"text-align: justify;\">La SANTA MARIA rispetta la tua privacy e tratta i tuoi dati personali in modo equo e legale.<br \/>\nConserviamo i tuoi dati personali in forma elettronica e, ai fini della protezione, applichiamo misure e procedure tecniche, organizzative e di protezione del personale adeguate per impedire l\u2019accesso non autorizzato ai dati personali.<\/p>\n<p style=\"text-align: justify;\"><strong>MESSAGGI IN FORMA ELETTRONICA<\/strong><\/p>\n<p style=\"text-align: justify;\">Quando ci invii una posta elettronica (e-mail) con i tuoi dati personali che possono essere utilizzati per identificarti, indipendentemente dal fatto che si tratti di una posta elettronica con una domanda o lo fai tramite i moduli di contatto presenti sul sito www.santa-marija.hr che ci invii via e-mail, utilizziamo queste informazioni solo allo scopo di soddisfare le tue richieste. Non elaboriamo i dati personali per scopi di marketing e, alla fine dell\u2019anno solare, vengono eliminati dal nostro programma di posta a meno che tu non sia diventato nostro cliente, quindi vengono inseriti nel database del cliente al fine di emettere una fattura per il servizio concordato.<\/p>\n<p style=\"text-align: justify;\"><strong>CANCELLAZIONE E VOSTRO ACCESSO AI DATI PERSONALI<\/strong><\/p>\n<p style=\"text-align: justify;\">I tuoi dati personali che ci hai messo a disposizione saranno conservati solo per un periodo sufficiente a soddisfare lo scopo iniziale della loro raccolta. Sei autorizzato in qualsiasi momento a richiedere la notifica di quali dei tuoi dati personali abbiamo nel nostro database di posta elettronica, nonch\u00e9 a richiedere che tutti o alcuni dati personali vengano modificati (Diritto di rettifica) o cancellati (Diritto all\u2019oblio). Lo farai contattando l\u2019indirizzo info@santa-marija.hr e inviando una notifica con la tua richiesta. Se effettui una di queste richieste, faremo ogni ragionevole sforzo per verificare la tua identit\u00e0 e impedire l\u2019accesso non autorizzato alle informazioni personali.<\/p>\n<p style=\"text-align: justify;\"><strong>FORNIRE DATI PERSONALI AD ALTRI DESTINATARI<\/strong><\/p>\n<p style=\"text-align: justify;\">Non forniamo i tuoi dati personali ad altri destinatari. Tuttavia, sul sito www.santa-marija.hr troverete collegamenti ad altri siti web. L\u2019informativa sulla privacy su questi portali potrebbe essere diversa dall\u2019Informativa sulla privacy su www.santa-marija.hr. Sul nostro sito web possiamo anche offrirti l\u2019utilizzo dei social network SANTA MARIA (Facebook, Instagram, Linkedin, Google) e altri servizi di Google Map, Youtube che consentono la condivisione dei dati personali.<\/p>\n<p style=\"text-align: justify;\"><strong>STATISTICHE SERVER E ANALISI GOOGLE<\/strong><\/p>\n<p style=\"text-align: justify;\">Tutti i siti web sotto il controllo di SANTA MARIA, inclusa questa Pagina, pu\u00f2 utilizzare Google Analytics, un servizio di analisi Internet fornito da Google Inc. (di seguito: Google). Google Analytics utilizza i \u201ccookie\u201d \u2013 piccoli file di testo che vengono automaticamente depositati sul disco rigido del computer dell\u2019utente \u2013 allo scopo di analizzare le abitudini dell\u2019utente. I dati raccolti tramite \u201ccookie\u201d sull\u2019utilizzo del Sito (compreso l\u2019indirizzo IP dell\u2019utente) vengono trasferiti e conservati da Google a server ubicati negli USA. Google utilizzer\u00e0 i dati raccolti allo scopo di valutare l\u2019utilizzo del Sito, generare report sulle attivit\u00e0 del Sito per le esigenze degli operatori del sito Internet e fornire altri servizi relativi all\u2019utilizzo del Sito e, in generale, all\u2019utilizzo della rete. Google pu\u00f2 anche trasferire questi dati a terzi ove ci\u00f2 sia imposto dalla legge o laddove i rispettivi terzi trattino i dati per conto di Google. Google non assocer\u00e0 l\u2019indirizzo IP dell\u2019utente del Sito a nessun altro dato raccolto da Google. Puoi opporti all\u2019uso dei \u201ccookie\u201d selezionando le impostazioni appropriate sul tuo browser, tenendo conto che ci\u00f2 potrebbe influire sulla completa funzionalit\u00e0 del Sito. Utilizzando il Sito, acconsenti al trattamento dei tuoi dati personali da parte di Google secondo le modalit\u00e0 sopra indicate.<br \/>\nPertanto, si prega di familiarizzare con l\u2019Informativa sulla privacy che si applica ad altri siti Web e social network.<\/p>\n<p style=\"text-align: justify;\"><strong>MISURE PROTETTIVE<\/strong><\/p>\n<p style=\"text-align: justify;\">La SANTA MARIA utilizza misure tecnologiche e di sicurezza, regole e altre procedure per proteggere i dati personali degli utenti di questo Sito da accessi non autorizzati, uso improprio, divulgazione, perdita o distruzione. Al fine di garantire la tutela della riservatezza delle informazioni sugli utenti del sito, la SANTA MARIA utilizza protezioni standard del settore, come firewall e protezione con password. Tuttavia, l\u2019utente \u00e8 obbligato a garantire che il computer che utilizza sia sicuro e protetto da software dannoso come Trojan, virus informatici e worm. L\u2019Utente del Sito \u00e8 consapevole che senza adeguate misure di sicurezza (ad esempio, configurazione sicura del browser Internet, programmi antivirus aggiornati, programmi firewall personali, non utilizzo di programmi da fonti sospette) vi \u00e8 il rischio che i dati e le password utilizzati per impedire l\u2019accesso a i dati personali potranno essere comunicati a soggetti terzi non autorizzati.<\/p>\n<p style=\"text-align: justify;\"><strong>TUTELA DEI MINORI<\/strong><\/p>\n<p style=\"text-align: justify;\">Questo sito \u00e8 destinato agli adulti. SANTA MARIA non raccoglie dati personali sui minori (definiti come persone di et\u00e0 inferiore ai 18 anni) senza il preventivo e verificabile consenso del suo legale rappresentante. Il rispettivo legale rappresentante ha facolt\u00e0, a propria richiesta, di prendere visione dei dati forniti dal minore e\/o chiederne la cancellazione.<\/p>\n<p style=\"text-align: justify;\"><strong>LIMITAZIONE DI RESPONSABILIT\u00c0<\/strong><\/p>\n<p style=\"text-align: justify;\">Sebbene adottiamo le misure tecniche, organizzative e del personale disponibili per impedire la divulgazione non autorizzata dei tuoi dati personali, non possiamo garantire che alcuni dei dati personali che raccogliamo non verranno mai divulgati accidentalmente, contrariamente alle disposizioni della presente Informativa sulla privacy. Nella misura massima consentita dalla legge, escludiamo la responsabilit\u00e0 per danni causati agli utenti oa terzi dalla divulgazione accidentale di dati personali.<\/p>\n<p style=\"text-align: justify;\"><strong>STATISTICHE DEL SERVER<\/strong><\/p>\n<p style=\"text-align: justify;\">Questo sito utilizza Google Analytics per misurare le statistiche sul traffico.<\/p>\n<p style=\"text-align: justify;\"><strong>RESPONSABILE DELLA PROTEZIONE DEI DATI PERSONALI<\/strong><\/p>\n<p style=\"text-align: justify;\">SANTA MARIA<br \/>\nGradska vrata 37,52 466 Novigrad, Istria Croazia<br \/>\nTelefono: +385 (0)52 757 444<br \/>\nEmail: info@santa-marija.hr<\/p>\n<p style=\"text-align: justify;\">Utilizzando il sito www.santa-marija.hr, l\u2019utente acconsente al trattamento dei dati personali secondo le modalit\u00e0 sopra indicate<\/p>\n<\/div><\/div><\/div><div class=\"fusion-layout-column fusion_builder_column fusion-builder-column-2 fusion_builder_column_1_6 1_6 fusion-flex-column\" style=\"--awb-bg-size:cover;--awb-width-large:16.666666666667%;--awb-margin-top-large:0px;--awb-spacing-right-large:11.52%;--awb-margin-bottom-large:20px;--awb-spacing-left-large:11.52%;--awb-width-medium:16.666666666667%;--awb-spacing-right-medium:11.52%;--awb-spacing-left-medium:11.52%;--awb-width-small:100%;--awb-spacing-right-small:1.92%;--awb-spacing-left-small:1.92%;\"><div class=\"fusion-column-wrapper fusion-flex-justify-content-flex-start fusion-content-layout-column\"><\/div><\/div><\/div><\/div>\n","protected":false},"excerpt":{"rendered":"","protected":false},"author":1,"featured_media":0,"parent":0,"menu_order":0,"comment_status":"closed","ping_status":"open","template":"","meta":{"_acf_changed":false,"footnotes":""},"class_list":["post-3807","page","type-page","status-publish","hentry"],"acf":[],"yoast_head":"<!-- This site is optimized with the Yoast SEO plugin v27.3 - https:\/\/yoast.com\/product\/yoast-seo-wordpress\/ -->\n<title>Protezione dei dati personali - Santa Marija<\/title>\n<meta name=\"robots\" content=\"index, follow, max-snippet:-1, max-image-preview:large, max-video-preview:-1\" \/>\n<link rel=\"canonical\" href=\"https:\/\/santa-marija.hr\/zastita-osobnih-podataka\/\" \/>\n<meta property=\"og:locale\" content=\"it_IT\" \/>\n<meta property=\"og:type\" content=\"article\" \/>\n<meta property=\"og:title\" content=\"Protezione dei dati personali - Santa Marija\" \/>\n<meta property=\"og:url\" content=\"https:\/\/santa-marija.hr\/zastita-osobnih-podataka\/\" \/>\n<meta property=\"og:site_name\" content=\"Santa Marija\" \/>\n<meta property=\"article:modified_time\" content=\"2023-10-06T09:39:53+00:00\" \/>\n<meta name=\"twitter:card\" content=\"summary_large_image\" \/>\n<meta name=\"twitter:label1\" content=\"Tempo di lettura stimato\" \/>\n\t<meta name=\"twitter:data1\" content=\"8 minuti\" \/>\n<script type=\"application\/ld+json\" class=\"yoast-schema-graph\">{\"@context\":\"https:\\\/\\\/schema.org\",\"@graph\":[{\"@type\":\"WebPage\",\"@id\":\"https:\\\/\\\/santa-marija.hr\\\/zastita-osobnih-podataka\\\/\",\"url\":\"https:\\\/\\\/santa-marija.hr\\\/zastita-osobnih-podataka\\\/\",\"name\":\"Protezione dei dati personali - Santa Marija\",\"isPartOf\":{\"@id\":\"https:\\\/\\\/santa-marija.hr\\\/#website\"},\"datePublished\":\"2021-03-13T06:53:05+00:00\",\"dateModified\":\"2023-10-06T09:39:53+00:00\",\"breadcrumb\":{\"@id\":\"https:\\\/\\\/santa-marija.hr\\\/zastita-osobnih-podataka\\\/#breadcrumb\"},\"inLanguage\":\"it-IT\",\"potentialAction\":[{\"@type\":\"ReadAction\",\"target\":[\"https:\\\/\\\/santa-marija.hr\\\/zastita-osobnih-podataka\\\/\"]}]},{\"@type\":\"BreadcrumbList\",\"@id\":\"https:\\\/\\\/santa-marija.hr\\\/zastita-osobnih-podataka\\\/#breadcrumb\",\"itemListElement\":[{\"@type\":\"ListItem\",\"position\":1,\"name\":\"Po\u010detna stranica\",\"item\":\"https:\\\/\\\/santa-marija.hr\\\/it\\\/\"},{\"@type\":\"ListItem\",\"position\":2,\"name\":\"Protezione dei dati personali\"}]},{\"@type\":\"WebSite\",\"@id\":\"https:\\\/\\\/santa-marija.hr\\\/#website\",\"url\":\"https:\\\/\\\/santa-marija.hr\\\/\",\"name\":\"Santa Marija\",\"description\":\"Pansion konfort\",\"publisher\":{\"@id\":\"https:\\\/\\\/santa-marija.hr\\\/#organization\"},\"potentialAction\":[{\"@type\":\"SearchAction\",\"target\":{\"@type\":\"EntryPoint\",\"urlTemplate\":\"https:\\\/\\\/santa-marija.hr\\\/?s={search_term_string}\"},\"query-input\":{\"@type\":\"PropertyValueSpecification\",\"valueRequired\":true,\"valueName\":\"search_term_string\"}}],\"inLanguage\":\"it-IT\"},{\"@type\":\"Organization\",\"@id\":\"https:\\\/\\\/santa-marija.hr\\\/#organization\",\"name\":\"Santa Marija\",\"url\":\"https:\\\/\\\/santa-marija.hr\\\/\",\"logo\":{\"@type\":\"ImageObject\",\"inLanguage\":\"it-IT\",\"@id\":\"https:\\\/\\\/santa-marija.hr\\\/#\\\/schema\\\/logo\\\/image\\\/\",\"url\":\"https:\\\/\\\/santa-marija.hr\\\/wp-content\\\/uploads\\\/2023\\\/08\\\/Santa-Maria-favicon.png\",\"contentUrl\":\"https:\\\/\\\/santa-marija.hr\\\/wp-content\\\/uploads\\\/2023\\\/08\\\/Santa-Maria-favicon.png\",\"width\":180,\"height\":180,\"caption\":\"Santa Marija\"},\"image\":{\"@id\":\"https:\\\/\\\/santa-marija.hr\\\/#\\\/schema\\\/logo\\\/image\\\/\"}}]}<\/script>\n<!-- \/ Yoast SEO plugin. -->","yoast_head_json":{"title":"Protezione dei dati personali - Santa Marija","robots":{"index":"index","follow":"follow","max-snippet":"max-snippet:-1","max-image-preview":"max-image-preview:large","max-video-preview":"max-video-preview:-1"},"canonical":"https:\/\/santa-marija.hr\/zastita-osobnih-podataka\/","og_locale":"it_IT","og_type":"article","og_title":"Protezione dei dati personali - Santa Marija","og_url":"https:\/\/santa-marija.hr\/zastita-osobnih-podataka\/","og_site_name":"Santa Marija","article_modified_time":"2023-10-06T09:39:53+00:00","twitter_card":"summary_large_image","twitter_misc":{"Tempo di lettura stimato":"8 minuti"},"schema":{"@context":"https:\/\/schema.org","@graph":[{"@type":"WebPage","@id":"https:\/\/santa-marija.hr\/zastita-osobnih-podataka\/","url":"https:\/\/santa-marija.hr\/zastita-osobnih-podataka\/","name":"Protezione dei dati personali - Santa Marija","isPartOf":{"@id":"https:\/\/santa-marija.hr\/#website"},"datePublished":"2021-03-13T06:53:05+00:00","dateModified":"2023-10-06T09:39:53+00:00","breadcrumb":{"@id":"https:\/\/santa-marija.hr\/zastita-osobnih-podataka\/#breadcrumb"},"inLanguage":"it-IT","potentialAction":[{"@type":"ReadAction","target":["https:\/\/santa-marija.hr\/zastita-osobnih-podataka\/"]}]},{"@type":"BreadcrumbList","@id":"https:\/\/santa-marija.hr\/zastita-osobnih-podataka\/#breadcrumb","itemListElement":[{"@type":"ListItem","position":1,"name":"Po\u010detna stranica","item":"https:\/\/santa-marija.hr\/it\/"},{"@type":"ListItem","position":2,"name":"Protezione dei dati personali"}]},{"@type":"WebSite","@id":"https:\/\/santa-marija.hr\/#website","url":"https:\/\/santa-marija.hr\/","name":"Santa Marija","description":"Pansion konfort","publisher":{"@id":"https:\/\/santa-marija.hr\/#organization"},"potentialAction":[{"@type":"SearchAction","target":{"@type":"EntryPoint","urlTemplate":"https:\/\/santa-marija.hr\/?s={search_term_string}"},"query-input":{"@type":"PropertyValueSpecification","valueRequired":true,"valueName":"search_term_string"}}],"inLanguage":"it-IT"},{"@type":"Organization","@id":"https:\/\/santa-marija.hr\/#organization","name":"Santa Marija","url":"https:\/\/santa-marija.hr\/","logo":{"@type":"ImageObject","inLanguage":"it-IT","@id":"https:\/\/santa-marija.hr\/#\/schema\/logo\/image\/","url":"https:\/\/santa-marija.hr\/wp-content\/uploads\/2023\/08\/Santa-Maria-favicon.png","contentUrl":"https:\/\/santa-marija.hr\/wp-content\/uploads\/2023\/08\/Santa-Maria-favicon.png","width":180,"height":180,"caption":"Santa Marija"},"image":{"@id":"https:\/\/santa-marija.hr\/#\/schema\/logo\/image\/"}}]}},"_links":{"self":[{"href":"https:\/\/santa-marija.hr\/it\/wp-json\/wp\/v2\/pages\/3807","targetHints":{"allow":["GET"]}}],"collection":[{"href":"https:\/\/santa-marija.hr\/it\/wp-json\/wp\/v2\/pages"}],"about":[{"href":"https:\/\/santa-marija.hr\/it\/wp-json\/wp\/v2\/types\/page"}],"author":[{"embeddable":true,"href":"https:\/\/santa-marija.hr\/it\/wp-json\/wp\/v2\/users\/1"}],"replies":[{"embeddable":true,"href":"https:\/\/santa-marija.hr\/it\/wp-json\/wp\/v2\/comments?post=3807"}],"version-history":[{"count":4,"href":"https:\/\/santa-marija.hr\/it\/wp-json\/wp\/v2\/pages\/3807\/revisions"}],"predecessor-version":[{"id":3967,"href":"https:\/\/santa-marija.hr\/it\/wp-json\/wp\/v2\/pages\/3807\/revisions\/3967"}],"wp:attachment":[{"href":"https:\/\/santa-marija.hr\/it\/wp-json\/wp\/v2\/media?parent=3807"}],"curies":[{"name":"wp","href":"https:\/\/api.w.org\/{rel}","templated":true}]}}