{"id":3790,"date":"2023-09-19T06:48:05","date_gmt":"2023-09-19T06:48:05","guid":{"rendered":"https:\/\/santa-marija.hr\/novigrad\/"},"modified":"2023-10-05T10:59:05","modified_gmt":"2023-10-05T10:59:05","slug":"novigrad","status":"publish","type":"page","link":"https:\/\/santa-marija.hr\/it\/novigrad\/","title":{"rendered":"Cittanova"},"content":{"rendered":"<p><div class=\"fusion-fullwidth fullwidth-box fusion-builder-row-1 fusion-flex-container has-pattern-background has-mask-background fusion-parallax-none hundred-percent-fullwidth non-hundred-percent-height-scrolling lazyload\" style=\"--awb-background-position:center top;--awb-border-radius-top-left:0px;--awb-border-radius-top-right:0px;--awb-border-radius-bottom-right:0px;--awb-border-radius-bottom-left:0px;--awb-padding-top:300px;--awb-padding-bottom:300px;--awb-padding-top-small:100px;--awb-padding-bottom-small:100px;--awb-margin-top:0px;--awb-background-image:linear-gradient(180deg, rgba(0,8,33,0.44) 0%,rgba(0,8,33,0.44) 100%);;--awb-background-size:cover;--awb-flex-wrap:wrap;\" data-bg=\"https:\/\/santa-marija.hr\/wp-content\/uploads\/2023\/09\/Novigrad_prva.jpeg\" data-bg-gradient=\"linear-gradient(180deg, rgba(0,8,33,0.44) 0%,rgba(0,8,33,0.44) 100%)\" ><div class=\"fusion-builder-row fusion-row fusion-flex-align-items-center fusion-flex-justify-content-center fusion-flex-content-wrap\" style=\"width:104% !important;max-width:104% !important;margin-left: calc(-4% \/ 2 );margin-right: calc(-4% \/ 2 );\"><div class=\"fusion-layout-column fusion_builder_column fusion-builder-column-0 fusion_builder_column_3_5 3_5 fusion-flex-column\" style=\"--awb-bg-size:cover;--awb-width-large:60%;--awb-margin-top-large:0px;--awb-spacing-right-large:3.2%;--awb-margin-bottom-large:0px;--awb-spacing-left-large:3.2%;--awb-width-medium:66.666666666667%;--awb-order-medium:0;--awb-spacing-right-medium:2.88%;--awb-margin-bottom-medium:0px;--awb-spacing-left-medium:2.88%;--awb-width-small:80%;--awb-order-small:0;--awb-spacing-right-small:2.4%;--awb-margin-bottom-small:0px;--awb-spacing-left-small:2.4%;\"><div class=\"fusion-column-wrapper fusion-column-has-shadow fusion-flex-justify-content-flex-start fusion-content-layout-column\"><div class=\"fusion-title title fusion-title-1 fusion-sep-none fusion-title-center fusion-title-text fusion-title-size-one\" style=\"--awb-text-color:var(--awb-color1);--awb-margin-top:0px;--awb-margin-top-small:10px;--awb-margin-right-small:0px;--awb-margin-bottom-small:10px;--awb-margin-left-small:0px;\"><h1 class=\"fusion-title-heading title-heading-center\" style=\"margin:0;text-transform:capitalize;\">Cittanova<\/h1><\/div><\/div><\/div><\/div><\/div><div class=\"fusion-fullwidth fullwidth-box fusion-builder-row-2 fusion-flex-container has-pattern-background has-mask-background nonhundred-percent-fullwidth non-hundred-percent-height-scrolling\" style=\"--awb-border-radius-top-left:0px;--awb-border-radius-top-right:0px;--awb-border-radius-bottom-right:0px;--awb-border-radius-bottom-left:0px;--awb-margin-top:50px;--awb-flex-wrap:wrap;\" ><div class=\"fusion-builder-row fusion-row fusion-flex-align-items-flex-start fusion-flex-content-wrap\" style=\"max-width:1393.6px;margin-left: calc(-4% \/ 2 );margin-right: calc(-4% \/ 2 );\"><div class=\"fusion-layout-column fusion_builder_column fusion-builder-column-1 fusion_builder_column_1_1 1_1 fusion-flex-column\" style=\"--awb-bg-size:cover;--awb-width-large:100%;--awb-margin-top-large:0px;--awb-spacing-right-large:1.92%;--awb-margin-bottom-large:0px;--awb-spacing-left-large:1.92%;--awb-width-medium:100%;--awb-order-medium:0;--awb-spacing-right-medium:1.92%;--awb-spacing-left-medium:1.92%;--awb-width-small:100%;--awb-order-small:0;--awb-spacing-right-small:1.92%;--awb-spacing-left-small:1.92%;\" data-scroll-devices=\"small-visibility,medium-visibility,large-visibility\"><div class=\"fusion-column-wrapper fusion-column-has-shadow fusion-flex-justify-content-flex-start fusion-content-layout-column\"><div class=\"fusion-title title fusion-title-2 fusion-sep-none fusion-title-center fusion-title-text fusion-title-size-two\" style=\"--awb-margin-top:0px;--awb-margin-top-small:10px;--awb-margin-right-small:0px;--awb-margin-bottom-small:10px;--awb-margin-left-small:0px;\"><h2 class=\"fusion-title-heading title-heading-center\" style=\"margin:0;text-transform:none;\">Il nucleo storico della citt\u00e0<\/h2><\/div><div class=\"fusion-text fusion-text-1 fusion-text-no-margin\" style=\"--awb-content-alignment:center;--awb-font-size:20px;--awb-text-transform:none;--awb-margin-bottom:60px;\"><p>era interamente cinto da mura le quali anche oggi rimangono uno dei simboli della citt\u00e0. Tali mura, edificate su vestigia tardoantiche, furono costruite a partire dal XIII secolo, quando Venezia entr\u00f2 in possesso della citt\u00e0 e del territorio. Ritoccato in diversi periodi, il perimetro delle mura fu fortificato da torri a pianta circolare in et\u00e0 rinascimentale. Una torre quadrata di epoca anteriore si trova, invece, accanto a quella che un tempo era la porta principale della citt\u00e0. Grazie alle mura, la Citt\u00e0 di Cittanova \u00e8 membro dell\u2019associazione internazionale delle citt\u00e0 con cinta muraria (WTFC).<\/p>\n<\/div><\/div><\/div><\/div><\/div><div class=\"fusion-fullwidth fullwidth-box fusion-builder-row-3 fusion-flex-container has-pattern-background has-mask-background hundred-percent-fullwidth non-hundred-percent-height-scrolling\" style=\"--awb-border-radius-top-left:0px;--awb-border-radius-top-right:0px;--awb-border-radius-bottom-right:0px;--awb-border-radius-bottom-left:0px;--awb-padding-top:100px;--awb-padding-bottom:100px;--awb-margin-top:100px;--awb-background-color:var(--awb-color8);--awb-flex-wrap:wrap;\" ><div class=\"fusion-builder-row fusion-row fusion-flex-align-items-flex-start fusion-flex-content-wrap\" style=\"width:104% !important;max-width:104% !important;margin-left: calc(-4% \/ 2 );margin-right: calc(-4% \/ 2 );\"><div class=\"fusion-layout-column fusion_builder_column fusion-builder-column-2 fusion_builder_column_1_1 1_1 fusion-flex-column\" style=\"--awb-bg-size:cover;--awb-width-large:100%;--awb-margin-top-large:0px;--awb-spacing-right-large:1.92%;--awb-margin-bottom-large:20px;--awb-spacing-left-large:1.92%;--awb-width-medium:100%;--awb-order-medium:0;--awb-spacing-right-medium:1.92%;--awb-spacing-left-medium:1.92%;--awb-width-small:100%;--awb-order-small:0;--awb-spacing-right-small:1.92%;--awb-spacing-left-small:1.92%;\"><div class=\"fusion-column-wrapper fusion-column-has-shadow fusion-flex-justify-content-flex-start fusion-content-layout-column\"><div class=\"fusion-title title fusion-title-3 fusion-sep-none fusion-title-center fusion-title-text fusion-title-size-two\" style=\"--awb-text-color:var(--awb-color1);--awb-margin-top:0px;--awb-margin-top-small:10px;--awb-margin-right-small:0px;--awb-margin-bottom-small:10px;--awb-margin-left-small:0px;\"><h2 class=\"fusion-title-heading title-heading-center\" style=\"margin:0;text-transform:capitalize;\">Galleria<\/h2><\/div><\/div><\/div><div class=\"fusion-layout-column fusion_builder_column fusion-builder-column-3 fusion_builder_column_1_1 1_1 fusion-flex-column\" style=\"--awb-padding-top:40px;--awb-padding-right:60px;--awb-padding-left:60px;--awb-padding-right-medium:0px;--awb-padding-left-medium:0px;--awb-bg-size:cover;--awb-width-large:100%;--awb-margin-top-large:0px;--awb-spacing-right-large:1.92%;--awb-margin-bottom-large:0px;--awb-spacing-left-large:1.92%;--awb-width-medium:100%;--awb-order-medium:0;--awb-spacing-right-medium:1.92%;--awb-spacing-left-medium:1.92%;--awb-width-small:100%;--awb-order-small:0;--awb-spacing-right-small:1.92%;--awb-spacing-left-small:1.92%;\"><div class=\"fusion-column-wrapper fusion-column-has-shadow fusion-flex-justify-content-flex-start fusion-content-layout-column\"><div class=\"awb-gallery-wrapper awb-gallery-wrapper-1 button-span-no\" style=\"--more-btn-alignment:center;\"><div style=\"margin:-5px;--awb-bordersize:0px;\" class=\"fusion-gallery fusion-gallery-container fusion-grid-4 fusion-columns-total-4 fusion-gallery-layout-grid fusion-gallery-1\"><div style=\"padding:5px;\" class=\"fusion-grid-column fusion-gallery-column fusion-gallery-column-4 hover-type-none\"><div class=\"fusion-gallery-image\"><a href=\"https:\/\/santa-marija.hr\/wp-content\/uploads\/2023\/09\/Novigrad_8-1.jpg\" rel=\"noreferrer\" data-rel=\"iLightbox[gallery_image_1]\" class=\"fusion-lightbox\" target=\"_self\"><img decoding=\"async\" src=\"https:\/\/santa-marija.hr\/wp-content\/uploads\/2023\/09\/Novigrad_8-1.jpg\" data-orig-src=\"https:\/\/santa-marija.hr\/wp-content\/uploads\/2023\/09\/Novigrad_8-1.jpg\" width=\"800\" height=\"667\" alt=\"Umbrella Street \" title=\"Umbrella Street &#8211; Novigrad &#8211; Croatia\" aria-label=\"Umbrella Street &#8211; Novigrad &#8211; Croatia\" class=\"lazyload img-responsive wp-image-3494\" srcset=\"data:image\/svg+xml,%3Csvg%20xmlns%3D%27http%3A%2F%2Fwww.w3.org%2F2000%2Fsvg%27%20width%3D%27800%27%20height%3D%27667%27%20viewBox%3D%270%200%20800%20667%27%3E%3Crect%20width%3D%27800%27%20height%3D%27667%27%20fill-opacity%3D%220%22%2F%3E%3C%2Fsvg%3E\" data-srcset=\"https:\/\/santa-marija.hr\/wp-content\/uploads\/2023\/09\/Novigrad_8-1-200x167.jpg 200w, https:\/\/santa-marija.hr\/wp-content\/uploads\/2023\/09\/Novigrad_8-1-400x334.jpg 400w, https:\/\/santa-marija.hr\/wp-content\/uploads\/2023\/09\/Novigrad_8-1-600x500.jpg 600w, https:\/\/santa-marija.hr\/wp-content\/uploads\/2023\/09\/Novigrad_8-1.jpg 800w\" data-sizes=\"auto\" data-orig-sizes=\"(min-width: 2200px) 100vw, (min-width: 856px) 331px, (min-width: 784px) 442px, (min-width: 712px) 663px, (min-width: 640px) 712px, \" \/><\/a><\/div><\/div><div style=\"padding:5px;\" class=\"fusion-grid-column fusion-gallery-column fusion-gallery-column-4 hover-type-none\"><div class=\"fusion-gallery-image\"><a href=\"https:\/\/santa-marija.hr\/wp-content\/uploads\/2023\/09\/Novigrad_4-1.jpg\" rel=\"noreferrer\" data-rel=\"iLightbox[gallery_image_1]\" class=\"fusion-lightbox\" target=\"_self\"><img decoding=\"async\" src=\"https:\/\/santa-marija.hr\/wp-content\/uploads\/2023\/09\/Novigrad_4-1.jpg\" data-orig-src=\"https:\/\/santa-marija.hr\/wp-content\/uploads\/2023\/09\/Novigrad_4-1.jpg\" width=\"800\" height=\"667\" alt=\"\" title=\"Novigrad_4\" aria-label=\"Novigrad_4\" class=\"lazyload img-responsive wp-image-3509\" srcset=\"data:image\/svg+xml,%3Csvg%20xmlns%3D%27http%3A%2F%2Fwww.w3.org%2F2000%2Fsvg%27%20width%3D%27800%27%20height%3D%27667%27%20viewBox%3D%270%200%20800%20667%27%3E%3Crect%20width%3D%27800%27%20height%3D%27667%27%20fill-opacity%3D%220%22%2F%3E%3C%2Fsvg%3E\" data-srcset=\"https:\/\/santa-marija.hr\/wp-content\/uploads\/2023\/09\/Novigrad_4-1-200x167.jpg 200w, https:\/\/santa-marija.hr\/wp-content\/uploads\/2023\/09\/Novigrad_4-1-400x334.jpg 400w, https:\/\/santa-marija.hr\/wp-content\/uploads\/2023\/09\/Novigrad_4-1-600x500.jpg 600w, https:\/\/santa-marija.hr\/wp-content\/uploads\/2023\/09\/Novigrad_4-1.jpg 800w\" data-sizes=\"auto\" data-orig-sizes=\"(min-width: 2200px) 100vw, (min-width: 856px) 331px, (min-width: 784px) 442px, (min-width: 712px) 663px, (min-width: 640px) 712px, \" \/><\/a><\/div><\/div><div style=\"padding:5px;\" class=\"fusion-grid-column fusion-gallery-column fusion-gallery-column-4 hover-type-none\"><div class=\"fusion-gallery-image\"><a href=\"https:\/\/santa-marija.hr\/wp-content\/uploads\/2023\/09\/Novigrad_6-1.jpg\" rel=\"noreferrer\" data-rel=\"iLightbox[gallery_image_1]\" class=\"fusion-lightbox\" target=\"_self\"><img decoding=\"async\" src=\"https:\/\/santa-marija.hr\/wp-content\/uploads\/2023\/09\/Novigrad_6-1.jpg\" data-orig-src=\"https:\/\/santa-marija.hr\/wp-content\/uploads\/2023\/09\/Novigrad_6-1.jpg\" width=\"800\" height=\"667\" alt=\"\" title=\"Novigrad_6\" aria-label=\"Novigrad_6\" class=\"lazyload img-responsive wp-image-3506\" srcset=\"data:image\/svg+xml,%3Csvg%20xmlns%3D%27http%3A%2F%2Fwww.w3.org%2F2000%2Fsvg%27%20width%3D%27800%27%20height%3D%27667%27%20viewBox%3D%270%200%20800%20667%27%3E%3Crect%20width%3D%27800%27%20height%3D%27667%27%20fill-opacity%3D%220%22%2F%3E%3C%2Fsvg%3E\" data-srcset=\"https:\/\/santa-marija.hr\/wp-content\/uploads\/2023\/09\/Novigrad_6-1-200x167.jpg 200w, https:\/\/santa-marija.hr\/wp-content\/uploads\/2023\/09\/Novigrad_6-1-400x334.jpg 400w, https:\/\/santa-marija.hr\/wp-content\/uploads\/2023\/09\/Novigrad_6-1-600x500.jpg 600w, https:\/\/santa-marija.hr\/wp-content\/uploads\/2023\/09\/Novigrad_6-1.jpg 800w\" data-sizes=\"auto\" data-orig-sizes=\"(min-width: 2200px) 100vw, (min-width: 856px) 331px, (min-width: 784px) 442px, (min-width: 712px) 663px, (min-width: 640px) 712px, \" \/><\/a><\/div><\/div><div style=\"padding:5px;\" class=\"fusion-grid-column fusion-gallery-column fusion-gallery-column-4 hover-type-none\"><div class=\"fusion-gallery-image\"><a href=\"https:\/\/santa-marija.hr\/wp-content\/uploads\/2023\/09\/Novigrad_3-1.jpg\" rel=\"noreferrer\" data-rel=\"iLightbox[gallery_image_1]\" class=\"fusion-lightbox\" target=\"_self\"><img decoding=\"async\" src=\"https:\/\/santa-marija.hr\/wp-content\/uploads\/2023\/09\/Novigrad_3-1.jpg\" data-orig-src=\"https:\/\/santa-marija.hr\/wp-content\/uploads\/2023\/09\/Novigrad_3-1.jpg\" width=\"800\" height=\"667\" alt=\"\" title=\"Novigrad_3\" aria-label=\"Novigrad_3\" class=\"lazyload img-responsive wp-image-3503\" srcset=\"data:image\/svg+xml,%3Csvg%20xmlns%3D%27http%3A%2F%2Fwww.w3.org%2F2000%2Fsvg%27%20width%3D%27800%27%20height%3D%27667%27%20viewBox%3D%270%200%20800%20667%27%3E%3Crect%20width%3D%27800%27%20height%3D%27667%27%20fill-opacity%3D%220%22%2F%3E%3C%2Fsvg%3E\" data-srcset=\"https:\/\/santa-marija.hr\/wp-content\/uploads\/2023\/09\/Novigrad_3-1-200x167.jpg 200w, https:\/\/santa-marija.hr\/wp-content\/uploads\/2023\/09\/Novigrad_3-1-400x334.jpg 400w, https:\/\/santa-marija.hr\/wp-content\/uploads\/2023\/09\/Novigrad_3-1-600x500.jpg 600w, https:\/\/santa-marija.hr\/wp-content\/uploads\/2023\/09\/Novigrad_3-1.jpg 800w\" data-sizes=\"auto\" data-orig-sizes=\"(min-width: 2200px) 100vw, (min-width: 856px) 331px, (min-width: 784px) 442px, (min-width: 712px) 663px, (min-width: 640px) 712px, \" \/><\/a><\/div><\/div><div class=\"clearfix\"><\/div><\/div><\/div><\/div><\/div><\/div><\/div><\/p>\n","protected":false},"excerpt":{"rendered":"","protected":false},"author":1,"featured_media":0,"parent":0,"menu_order":0,"comment_status":"closed","ping_status":"closed","template":"100-width.php","meta":{"_acf_changed":false,"footnotes":""},"class_list":["post-3790","page","type-page","status-publish","hentry"],"acf":[],"yoast_head":"<!-- This site is optimized with the Yoast SEO plugin v27.3 - https:\/\/yoast.com\/product\/yoast-seo-wordpress\/ -->\n<title>Cittanova - Santa Marija<\/title>\n<meta name=\"robots\" content=\"index, follow, max-snippet:-1, max-image-preview:large, max-video-preview:-1\" \/>\n<link rel=\"canonical\" href=\"https:\/\/santa-marija.hr\/novigrad\/\" \/>\n<meta property=\"og:locale\" content=\"it_IT\" \/>\n<meta property=\"og:type\" content=\"article\" \/>\n<meta property=\"og:title\" content=\"Cittanova - Santa Marija\" \/>\n<meta property=\"og:url\" content=\"https:\/\/santa-marija.hr\/novigrad\/\" \/>\n<meta property=\"og:site_name\" content=\"Santa Marija\" \/>\n<meta property=\"article:modified_time\" content=\"2023-10-05T10:59:05+00:00\" \/>\n<meta name=\"twitter:card\" content=\"summary_large_image\" \/>\n<meta name=\"twitter:label1\" content=\"Tempo di lettura stimato\" \/>\n\t<meta name=\"twitter:data1\" content=\"18 minuti\" \/>\n<script type=\"application\/ld+json\" class=\"yoast-schema-graph\">{\"@context\":\"https:\\\/\\\/schema.org\",\"@graph\":[{\"@type\":\"WebPage\",\"@id\":\"https:\\\/\\\/santa-marija.hr\\\/novigrad\\\/\",\"url\":\"https:\\\/\\\/santa-marija.hr\\\/novigrad\\\/\",\"name\":\"Cittanova - Santa Marija\",\"isPartOf\":{\"@id\":\"https:\\\/\\\/santa-marija.hr\\\/#website\"},\"datePublished\":\"2023-09-19T06:48:05+00:00\",\"dateModified\":\"2023-10-05T10:59:05+00:00\",\"breadcrumb\":{\"@id\":\"https:\\\/\\\/santa-marija.hr\\\/novigrad\\\/#breadcrumb\"},\"inLanguage\":\"it-IT\",\"potentialAction\":[{\"@type\":\"ReadAction\",\"target\":[\"https:\\\/\\\/santa-marija.hr\\\/novigrad\\\/\"]}]},{\"@type\":\"BreadcrumbList\",\"@id\":\"https:\\\/\\\/santa-marija.hr\\\/novigrad\\\/#breadcrumb\",\"itemListElement\":[{\"@type\":\"ListItem\",\"position\":1,\"name\":\"Po\u010detna stranica\",\"item\":\"https:\\\/\\\/santa-marija.hr\\\/it\\\/\"},{\"@type\":\"ListItem\",\"position\":2,\"name\":\"Cittanova\"}]},{\"@type\":\"WebSite\",\"@id\":\"https:\\\/\\\/santa-marija.hr\\\/#website\",\"url\":\"https:\\\/\\\/santa-marija.hr\\\/\",\"name\":\"Santa Marija\",\"description\":\"Pansion konfort\",\"publisher\":{\"@id\":\"https:\\\/\\\/santa-marija.hr\\\/#organization\"},\"potentialAction\":[{\"@type\":\"SearchAction\",\"target\":{\"@type\":\"EntryPoint\",\"urlTemplate\":\"https:\\\/\\\/santa-marija.hr\\\/?s={search_term_string}\"},\"query-input\":{\"@type\":\"PropertyValueSpecification\",\"valueRequired\":true,\"valueName\":\"search_term_string\"}}],\"inLanguage\":\"it-IT\"},{\"@type\":\"Organization\",\"@id\":\"https:\\\/\\\/santa-marija.hr\\\/#organization\",\"name\":\"Santa Marija\",\"url\":\"https:\\\/\\\/santa-marija.hr\\\/\",\"logo\":{\"@type\":\"ImageObject\",\"inLanguage\":\"it-IT\",\"@id\":\"https:\\\/\\\/santa-marija.hr\\\/#\\\/schema\\\/logo\\\/image\\\/\",\"url\":\"https:\\\/\\\/santa-marija.hr\\\/wp-content\\\/uploads\\\/2023\\\/08\\\/Santa-Maria-favicon.png\",\"contentUrl\":\"https:\\\/\\\/santa-marija.hr\\\/wp-content\\\/uploads\\\/2023\\\/08\\\/Santa-Maria-favicon.png\",\"width\":180,\"height\":180,\"caption\":\"Santa Marija\"},\"image\":{\"@id\":\"https:\\\/\\\/santa-marija.hr\\\/#\\\/schema\\\/logo\\\/image\\\/\"}}]}<\/script>\n<!-- \/ Yoast SEO plugin. -->","yoast_head_json":{"title":"Cittanova - Santa Marija","robots":{"index":"index","follow":"follow","max-snippet":"max-snippet:-1","max-image-preview":"max-image-preview:large","max-video-preview":"max-video-preview:-1"},"canonical":"https:\/\/santa-marija.hr\/novigrad\/","og_locale":"it_IT","og_type":"article","og_title":"Cittanova - Santa Marija","og_url":"https:\/\/santa-marija.hr\/novigrad\/","og_site_name":"Santa Marija","article_modified_time":"2023-10-05T10:59:05+00:00","twitter_card":"summary_large_image","twitter_misc":{"Tempo di lettura stimato":"18 minuti"},"schema":{"@context":"https:\/\/schema.org","@graph":[{"@type":"WebPage","@id":"https:\/\/santa-marija.hr\/novigrad\/","url":"https:\/\/santa-marija.hr\/novigrad\/","name":"Cittanova - Santa Marija","isPartOf":{"@id":"https:\/\/santa-marija.hr\/#website"},"datePublished":"2023-09-19T06:48:05+00:00","dateModified":"2023-10-05T10:59:05+00:00","breadcrumb":{"@id":"https:\/\/santa-marija.hr\/novigrad\/#breadcrumb"},"inLanguage":"it-IT","potentialAction":[{"@type":"ReadAction","target":["https:\/\/santa-marija.hr\/novigrad\/"]}]},{"@type":"BreadcrumbList","@id":"https:\/\/santa-marija.hr\/novigrad\/#breadcrumb","itemListElement":[{"@type":"ListItem","position":1,"name":"Po\u010detna stranica","item":"https:\/\/santa-marija.hr\/it\/"},{"@type":"ListItem","position":2,"name":"Cittanova"}]},{"@type":"WebSite","@id":"https:\/\/santa-marija.hr\/#website","url":"https:\/\/santa-marija.hr\/","name":"Santa Marija","description":"Pansion konfort","publisher":{"@id":"https:\/\/santa-marija.hr\/#organization"},"potentialAction":[{"@type":"SearchAction","target":{"@type":"EntryPoint","urlTemplate":"https:\/\/santa-marija.hr\/?s={search_term_string}"},"query-input":{"@type":"PropertyValueSpecification","valueRequired":true,"valueName":"search_term_string"}}],"inLanguage":"it-IT"},{"@type":"Organization","@id":"https:\/\/santa-marija.hr\/#organization","name":"Santa Marija","url":"https:\/\/santa-marija.hr\/","logo":{"@type":"ImageObject","inLanguage":"it-IT","@id":"https:\/\/santa-marija.hr\/#\/schema\/logo\/image\/","url":"https:\/\/santa-marija.hr\/wp-content\/uploads\/2023\/08\/Santa-Maria-favicon.png","contentUrl":"https:\/\/santa-marija.hr\/wp-content\/uploads\/2023\/08\/Santa-Maria-favicon.png","width":180,"height":180,"caption":"Santa Marija"},"image":{"@id":"https:\/\/santa-marija.hr\/#\/schema\/logo\/image\/"}}]}},"_links":{"self":[{"href":"https:\/\/santa-marija.hr\/it\/wp-json\/wp\/v2\/pages\/3790","targetHints":{"allow":["GET"]}}],"collection":[{"href":"https:\/\/santa-marija.hr\/it\/wp-json\/wp\/v2\/pages"}],"about":[{"href":"https:\/\/santa-marija.hr\/it\/wp-json\/wp\/v2\/types\/page"}],"author":[{"embeddable":true,"href":"https:\/\/santa-marija.hr\/it\/wp-json\/wp\/v2\/users\/1"}],"replies":[{"embeddable":true,"href":"https:\/\/santa-marija.hr\/it\/wp-json\/wp\/v2\/comments?post=3790"}],"version-history":[{"count":7,"href":"https:\/\/santa-marija.hr\/it\/wp-json\/wp\/v2\/pages\/3790\/revisions"}],"predecessor-version":[{"id":3962,"href":"https:\/\/santa-marija.hr\/it\/wp-json\/wp\/v2\/pages\/3790\/revisions\/3962"}],"wp:attachment":[{"href":"https:\/\/santa-marija.hr\/it\/wp-json\/wp\/v2\/media?parent=3790"}],"curies":[{"name":"wp","href":"https:\/\/api.w.org\/{rel}","templated":true}]}}