{"id":3855,"date":"2021-03-13T06:53:05","date_gmt":"2021-03-13T06:53:05","guid":{"rendered":"https:\/\/santa-marija.hr\/zastita-osobnih-podataka\/"},"modified":"2023-10-05T10:46:42","modified_gmt":"2023-10-05T10:46:42","slug":"schutz-der-persoenlichen-daten","status":"publish","type":"page","link":"https:\/\/santa-marija.hr\/de\/schutz-der-persoenlichen-daten\/","title":{"rendered":"Schutz der pers\u00f6nlichen Daten"},"content":{"rendered":"<div class=\"fusion-fullwidth fullwidth-box fusion-builder-row-1 fusion-flex-container nonhundred-percent-fullwidth non-hundred-percent-height-scrolling\" style=\"--awb-border-radius-top-left:0px;--awb-border-radius-top-right:0px;--awb-border-radius-bottom-right:0px;--awb-border-radius-bottom-left:0px;--awb-flex-wrap:wrap;\" ><div class=\"fusion-builder-row fusion-row fusion-flex-align-items-flex-start fusion-flex-content-wrap\" style=\"max-width:1393.6px;margin-left: calc(-4% \/ 2 );margin-right: calc(-4% \/ 2 );\"><div class=\"fusion-layout-column fusion_builder_column fusion-builder-column-0 fusion_builder_column_1_6 1_6 fusion-flex-column\" style=\"--awb-bg-size:cover;--awb-width-large:16.666666666667%;--awb-margin-top-large:0px;--awb-spacing-right-large:11.52%;--awb-margin-bottom-large:20px;--awb-spacing-left-large:11.52%;--awb-width-medium:16.666666666667%;--awb-spacing-right-medium:11.52%;--awb-spacing-left-medium:11.52%;--awb-width-small:100%;--awb-spacing-right-small:1.92%;--awb-spacing-left-small:1.92%;\"><div class=\"fusion-column-wrapper fusion-flex-justify-content-flex-start fusion-content-layout-column\"><\/div><\/div><div class=\"fusion-layout-column fusion_builder_column fusion-builder-column-1 fusion_builder_column_2_3 2_3 fusion-flex-column\" style=\"--awb-bg-size:cover;--awb-width-large:66.666666666667%;--awb-margin-top-large:0px;--awb-spacing-right-large:2.88%;--awb-margin-bottom-large:20px;--awb-spacing-left-large:2.88%;--awb-width-medium:66.666666666667%;--awb-spacing-right-medium:2.88%;--awb-spacing-left-medium:2.88%;--awb-width-small:100%;--awb-spacing-right-small:1.92%;--awb-spacing-left-small:1.92%;\"><div class=\"fusion-column-wrapper fusion-flex-justify-content-flex-start fusion-content-layout-column\"><div class=\"fusion-title title fusion-title-1 fusion-sep-none fusion-title-text fusion-title-size-one\" style=\"--awb-margin-top-small:10px;--awb-margin-right-small:0px;--awb-margin-bottom-small:10px;--awb-margin-left-small:0px;--awb-font-size:35px;\"><h1 class=\"fusion-title-heading title-heading-left\" style=\"margin:0;text-transform:capitalize;font-size:1em;\">Schutz der pers\u00f6nlichen Daten<\/h1><\/div><div class=\"fusion-text fusion-text-1\" style=\"--awb-text-transform:none;\"><p style=\"text-align: justify;\">Schutz personenbezogener Daten auf der Website www.santa-marija.hr.<\/p>\n<p style=\"text-align: justify;\"><b>DIE DATEN, DIE WIR AUF UNSEREN SEITEN SAMMELN<\/b><\/p>\n<p style=\"text-align: justify;\">Durch Kontaktaufnahme mit dem Kontaktformular oder per E-Mail f\u00fcllen Sie Ihre personenbezogenen Daten aus (Name, Nachname, E-Mail, Telefon, Adresse, Land, Stadt; und im Text der Nachricht geben Sie manche Daten \u00fcber sich). Diese Daten stehen nur den Mitarbeitern von SANTA MARIJA zur Verf\u00fcgung, die sich mit Ihren Anfragen besch\u00e4ftigen. Die Zustellung Ihrer personenbezogenen Daten ist freiwillig. Wir verarbeiten nur die personenbezogenen Daten, die wir wirklich ben\u00f6tigen, um Ihre Anfrage zu beantworten.<\/p>\n<p style=\"text-align: justify;\"><b>SCHUTZ IHRER PERSONENBEZOGENEN DATEN<\/b><\/p>\n<p style=\"text-align: justify;\">SANTA MARIJA respektiert Ihre Privatsph\u00e4re und verarbeitet Ihre personenbezogenen Daten in \u00dcbereinstimmung mit allen Datenschutzgesetzen. F\u00fcr den Datenschutz verwenden wir die angemessenen technischen, organisatorischen und personalbezogenen Schutzma\u00dfnahmen f\u00fcr die personenbezogenen Daten und Verfahren, um personenbezogene Daten vor dem unbefugten Zugriff Dritter zu sch\u00fctzen.<\/p>\n<p style=\"text-align: justify;\"><b>NACHRICHTEN IN ELEKTRONISCHEM FORMAT<\/b><\/p>\n<p style=\"text-align: justify;\">Wenn Sie uns eine E-Mail (E-Mail) mit Ihren personenbezogenen Daten senden, anhand derer Sie identifiziert werden k\u00f6nnen, unabh\u00e4ngig davon, ob es sich um eine E-Mail mit einer Frage handelt oder ob Sie dies \u00fcber die Kontaktformulare auf der Website www.santa-marija.hr, und die Sie uns per E-Mail \u00fcbermitteln, verwenden wir diese Informationen nur zum Zweck der Bearbeitung Ihrer Anfragen. Wir verarbeiten personenbezogene Daten nicht zu Marketingzwecken und werden am Ende des Kalenderjahres aus unserem Mailprogramm gel\u00f6scht, es sei denn, Sie sind unser Kunde geworden, und werden dann in die Kundendatenbank eingegeben, um eine Rechnung \u00fcber den vereinbarten Betrag auszustellen Service.<\/p>\n<p style=\"text-align: justify;\"><b>L\u00d6SCHEN UND IHR ZUTRITT AUF IHRE PERSONENBEZOGENE DATEN<\/b><\/p>\n<p style=\"text-align: justify;\">Ihre personenbezogenen Daten, die Sie uns zur Verf\u00fcgung gestellt haben, werden nur f\u00fcr einen Zeitraum aufbewahrt, der gen\u00fcgt, den Initialzweck ihrer Anschaffung zu erf\u00fcllen. Sie sind jederzeit berechtigt, Informationen dar\u00fcber anzufordern, welche personenbezogenen Daten wir in unserer Datenbank haben und zu verlangen, dass alle oder einige personenbezogenen Daten ge\u00e4ndert (Recht auf Korrektur) oder gel\u00f6scht werden (Recht auf Vergessen). Sie werden dies tun, indem Sie info@santa-marija.hr kontaktieren und eine Benachrichtigung mit Ihrer Anfrage senden. Wenn Sie einen solchen Antrag stellen, werden wir angemessene Anstrengungen unternehmen, um Ihre Identit\u00e4t zu best\u00e4tigen und den unbefugten Zugriff auf Ihre personenbezogenen Daten zu verhindern.<\/p>\n<p style=\"text-align: justify;\"><b>ZUSTELLUNG VON PERSONENBEZOGENEN DATEN AN ANDERE EMPF\u00c4NGER<\/b><\/p>\n<p style=\"text-align: justify;\">Wir geben Ihre personenbezogenen Daten nicht an andere Empf\u00e4nger weiter. Auf unserer Webseite k\u00f6nnen wir Ihnen auch die Nutzung von sozialen Netzwerken (Facebook, Instagram) \u00fcber einen Link und andere Dienste, wie z.B Google Map, Youtube anbieten, die die Teilung der personenbezogenen Daten erm\u00f6glichen. Die Datenschutzrichtlinien f\u00fcr diese Portale k\u00f6nnen anders als Datenschutzrichtlinie von der Webseite www.santa-marija.hr festgelegt werden.<\/p>\n<p style=\"text-align: justify;\"><b>SERVERSTATISTIKEN UND GOOGLE ANALYSE<\/b><\/p>\n<p style=\"text-align: justify;\">Die Website www.santa-marija.hr nutzt die Dienste \u201eGoogle Analytics\u201c von der Firma Google LLC. (www.google.com) zur Messung der Anwesenheitsstatistik. \u201eGoogle Analytics\u201c verwendet \u201eCookies\u201c \u2013 kleine Textdateien, die automatisch auf der Festplatte des Benutzers f\u00fcr Besucher-Tracking gespeichert werden. Die gesammelten Daten und die Datenschutzbedingungen dieses Dienstes werden unter https:\/\/www.google.com\/intl\/en\/analytics\/privacyoverview.html ver\u00f6ffentlicht. Sie k\u00f6nnen die Verwendung von \u201eCookies\u201c ablehnen, indem Sie die entsprechenden Einstellungen in Ihrem Browser ausw\u00e4hlen, aber Sie sollen beachten, dass das die volle Funktionalit\u00e4t der Webseite beeinflussen kann. Durch die Nutzung der Webseite stimmen Sie zu, dass Ihre personenbezogenen Daten von Google auf die oben beschriebene Art und Weise zu verarbeitet werden. Die Webseite www.santa-marija.hr nutzt soziale Netzwerkdienste (Facebook, Instagram). Bitte beachten Sie die Datenschutzrichtlinien, die auf anderen Webseiten und sozialen Netzwerken verwendet werden.<\/p>\n<p style=\"text-align: justify;\"><b>SCHUTZMASSNAHMEN<\/b><\/p>\n<p style=\"text-align: justify;\">SANTA MARIJA verwendet IT- Sicherheitsma\u00dfnahmen, Regeln und andere Verfahren, um die personenbezogenen Daten dieser Webseite vor unbefugtem Zugriff, Missbrauch, Offenlegung, Verlust oder Zerst\u00f6rung zu sch\u00fctzen. Um die Privatsph\u00e4re der Webseite-Benutzer zu sch\u00fctzen, verwendet SANTA MARIJA die industriellen Standardschutzma\u00dfnahmen, wie z.B. Firewall und Passwortschutz. Der Benutzer ist auch daf\u00fcr verantwortlich, dass der Computer sicher und gesch\u00fctzt ist, und er muss bewusst sein, dass ohne angemessene Sicherheitsma\u00dfnahmen (wie sichere Internetbrowserkonfiguration, aktualisierte Antivirenprogramme, pers\u00f6nliche Firewall-Programme, keine Nutzung der Programme aus verd\u00e4chtigen Quellen) die Gefahr besteht, dass die Daten und Passw\u00f6rter, die f\u00fcr die Verhinderung des unerlaubten Zugangs zu personenbezogenen Daten benutzt werden, den unbefugten Dritten bekannt gegeben werden k\u00f6nnen, und in diesem Fall \u00fcbernimmt SANTA MARIJA keine Verantwortung.<\/p>\n<p style=\"text-align: justify;\"><b>MINDERJ\u00c4HRIGENSCHUTZ<\/b><\/p>\n<p style=\"text-align: justify;\">Diese Seite ist f\u00fcr die Erwachsenen bestimmt. SANTA MARIJA sammelt keine personenbezogenen Daten \u00fcber Minderj\u00e4hrige (definiert als Personen unter 18 Jahren) ohne die vorherige, nachpr\u00fcfbare Zustimmung ihres gesetzlichen Vertreters. Beziehungsweise, der gesetzliche Vertreter hat das Recht, auf eigenen Antrag, die vom Minderj\u00e4hrigen zur Verf\u00fcgung gestellten Daten zu \u00fcberpr\u00fcfen und \/ oder die L\u00f6schung der gleichen zu verlangen<\/p>\n<p style=\"text-align: justify;\"><b>HAFTUNGSBESCHR\u00c4NKUNG<\/b><\/p>\n<p style=\"text-align: justify;\">Wir unternehmen zwar alle verf\u00fcgbaren technischen, organisatorischen und personalbezogenen Ma\u00dfnahmen, um die unbefugte Bekanntgabe Ihrer personenbezogenen Daten zu verhindern. Wir k\u00f6nnen jedoch nicht garantieren, dass einige der von uns gesammelten personenbezogenen Daten niemals versehentlich ver\u00f6ffentlicht werden, was im Gegensatz zu den Bestimmungen dieser Datenschutzrichtlinien steht. Wir haften weder Nutzern noch Dritten, soweit das gesetzlich zul\u00e4ssig ist, f\u00fcr die Sch\u00e4den, die durch die versehentliche Bekanntgabe personenbezogener Daten entstanden sind.<\/p>\n<p style=\"text-align: justify;\"><b>SERVERSTATISTIKEN<\/b><\/p>\n<p style=\"text-align: justify;\">Diese Website verwendet Google Analytics, um Verkehrsstatistiken zu messen.<\/p>\n<p style=\"text-align: justify;\"><b>DATENSCHUTZBEAUFTRAGTER<\/b><\/p>\n<p style=\"text-align: justify;\">SANTA MARIJA<br \/>\nGradska vrata 37,\u00a052 466 Novigrad, Istria, Croatien<br \/>\nTelefonnummer: +385 (0)52 757 444<br \/>\nEmail: info@santa-marija.hr<\/p>\n<p style=\"text-align: justify;\">Durch die Nutzung der Website www.santa-marija.hr erkl\u00e4rt sich der Nutzer mit dem oben beschriebenen Umgang mit personenbezogenen Daten einverstanden.<\/p>\n<\/div><\/div><\/div><div class=\"fusion-layout-column fusion_builder_column fusion-builder-column-2 fusion_builder_column_1_6 1_6 fusion-flex-column\" style=\"--awb-bg-size:cover;--awb-width-large:16.666666666667%;--awb-margin-top-large:0px;--awb-spacing-right-large:11.52%;--awb-margin-bottom-large:20px;--awb-spacing-left-large:11.52%;--awb-width-medium:16.666666666667%;--awb-spacing-right-medium:11.52%;--awb-spacing-left-medium:11.52%;--awb-width-small:100%;--awb-spacing-right-small:1.92%;--awb-spacing-left-small:1.92%;\"><div class=\"fusion-column-wrapper fusion-flex-justify-content-flex-start fusion-content-layout-column\"><\/div><\/div><\/div><\/div>\n","protected":false},"excerpt":{"rendered":"","protected":false},"author":1,"featured_media":0,"parent":0,"menu_order":0,"comment_status":"closed","ping_status":"open","template":"","meta":{"_acf_changed":false,"footnotes":""},"class_list":["post-3855","page","type-page","status-publish","hentry"],"acf":[],"yoast_head":"<!-- This site is optimized with the Yoast SEO plugin v27.3 - https:\/\/yoast.com\/product\/yoast-seo-wordpress\/ -->\n<title>Schutz der pers\u00f6nlichen Daten - Santa Marija<\/title>\n<meta name=\"robots\" content=\"index, follow, max-snippet:-1, max-image-preview:large, max-video-preview:-1\" \/>\n<link rel=\"canonical\" href=\"https:\/\/santa-marija.hr\/zastita-osobnih-podataka\/\" \/>\n<meta property=\"og:locale\" content=\"de_DE\" \/>\n<meta property=\"og:type\" content=\"article\" \/>\n<meta property=\"og:title\" content=\"Schutz der pers\u00f6nlichen Daten - Santa Marija\" \/>\n<meta property=\"og:url\" content=\"https:\/\/santa-marija.hr\/zastita-osobnih-podataka\/\" \/>\n<meta property=\"og:site_name\" content=\"Santa Marija\" \/>\n<meta property=\"article:modified_time\" content=\"2023-10-05T10:46:42+00:00\" \/>\n<meta name=\"twitter:card\" content=\"summary_large_image\" \/>\n<meta name=\"twitter:label1\" content=\"Gesch\u00e4tzte Lesezeit\" \/>\n\t<meta name=\"twitter:data1\" content=\"8\u00a0Minuten\" \/>\n<script type=\"application\/ld+json\" class=\"yoast-schema-graph\">{\"@context\":\"https:\\\/\\\/schema.org\",\"@graph\":[{\"@type\":\"WebPage\",\"@id\":\"https:\\\/\\\/santa-marija.hr\\\/zastita-osobnih-podataka\\\/\",\"url\":\"https:\\\/\\\/santa-marija.hr\\\/zastita-osobnih-podataka\\\/\",\"name\":\"Schutz der pers\u00f6nlichen Daten - Santa Marija\",\"isPartOf\":{\"@id\":\"https:\\\/\\\/santa-marija.hr\\\/#website\"},\"datePublished\":\"2021-03-13T06:53:05+00:00\",\"dateModified\":\"2023-10-05T10:46:42+00:00\",\"breadcrumb\":{\"@id\":\"https:\\\/\\\/santa-marija.hr\\\/zastita-osobnih-podataka\\\/#breadcrumb\"},\"inLanguage\":\"de\",\"potentialAction\":[{\"@type\":\"ReadAction\",\"target\":[\"https:\\\/\\\/santa-marija.hr\\\/zastita-osobnih-podataka\\\/\"]}]},{\"@type\":\"BreadcrumbList\",\"@id\":\"https:\\\/\\\/santa-marija.hr\\\/zastita-osobnih-podataka\\\/#breadcrumb\",\"itemListElement\":[{\"@type\":\"ListItem\",\"position\":1,\"name\":\"Po\u010detna stranica\",\"item\":\"https:\\\/\\\/santa-marija.hr\\\/de\\\/\"},{\"@type\":\"ListItem\",\"position\":2,\"name\":\"Schutz der pers\u00f6nlichen Daten\"}]},{\"@type\":\"WebSite\",\"@id\":\"https:\\\/\\\/santa-marija.hr\\\/#website\",\"url\":\"https:\\\/\\\/santa-marija.hr\\\/\",\"name\":\"Santa Marija\",\"description\":\"Pansion konfort\",\"publisher\":{\"@id\":\"https:\\\/\\\/santa-marija.hr\\\/#organization\"},\"potentialAction\":[{\"@type\":\"SearchAction\",\"target\":{\"@type\":\"EntryPoint\",\"urlTemplate\":\"https:\\\/\\\/santa-marija.hr\\\/?s={search_term_string}\"},\"query-input\":{\"@type\":\"PropertyValueSpecification\",\"valueRequired\":true,\"valueName\":\"search_term_string\"}}],\"inLanguage\":\"de\"},{\"@type\":\"Organization\",\"@id\":\"https:\\\/\\\/santa-marija.hr\\\/#organization\",\"name\":\"Santa Marija\",\"url\":\"https:\\\/\\\/santa-marija.hr\\\/\",\"logo\":{\"@type\":\"ImageObject\",\"inLanguage\":\"de\",\"@id\":\"https:\\\/\\\/santa-marija.hr\\\/#\\\/schema\\\/logo\\\/image\\\/\",\"url\":\"https:\\\/\\\/santa-marija.hr\\\/wp-content\\\/uploads\\\/2023\\\/08\\\/Santa-Maria-favicon.png\",\"contentUrl\":\"https:\\\/\\\/santa-marija.hr\\\/wp-content\\\/uploads\\\/2023\\\/08\\\/Santa-Maria-favicon.png\",\"width\":180,\"height\":180,\"caption\":\"Santa Marija\"},\"image\":{\"@id\":\"https:\\\/\\\/santa-marija.hr\\\/#\\\/schema\\\/logo\\\/image\\\/\"}}]}<\/script>\n<!-- \/ Yoast SEO plugin. -->","yoast_head_json":{"title":"Schutz der pers\u00f6nlichen Daten - Santa Marija","robots":{"index":"index","follow":"follow","max-snippet":"max-snippet:-1","max-image-preview":"max-image-preview:large","max-video-preview":"max-video-preview:-1"},"canonical":"https:\/\/santa-marija.hr\/zastita-osobnih-podataka\/","og_locale":"de_DE","og_type":"article","og_title":"Schutz der pers\u00f6nlichen Daten - Santa Marija","og_url":"https:\/\/santa-marija.hr\/zastita-osobnih-podataka\/","og_site_name":"Santa Marija","article_modified_time":"2023-10-05T10:46:42+00:00","twitter_card":"summary_large_image","twitter_misc":{"Gesch\u00e4tzte Lesezeit":"8\u00a0Minuten"},"schema":{"@context":"https:\/\/schema.org","@graph":[{"@type":"WebPage","@id":"https:\/\/santa-marija.hr\/zastita-osobnih-podataka\/","url":"https:\/\/santa-marija.hr\/zastita-osobnih-podataka\/","name":"Schutz der pers\u00f6nlichen Daten - Santa Marija","isPartOf":{"@id":"https:\/\/santa-marija.hr\/#website"},"datePublished":"2021-03-13T06:53:05+00:00","dateModified":"2023-10-05T10:46:42+00:00","breadcrumb":{"@id":"https:\/\/santa-marija.hr\/zastita-osobnih-podataka\/#breadcrumb"},"inLanguage":"de","potentialAction":[{"@type":"ReadAction","target":["https:\/\/santa-marija.hr\/zastita-osobnih-podataka\/"]}]},{"@type":"BreadcrumbList","@id":"https:\/\/santa-marija.hr\/zastita-osobnih-podataka\/#breadcrumb","itemListElement":[{"@type":"ListItem","position":1,"name":"Po\u010detna stranica","item":"https:\/\/santa-marija.hr\/de\/"},{"@type":"ListItem","position":2,"name":"Schutz der pers\u00f6nlichen Daten"}]},{"@type":"WebSite","@id":"https:\/\/santa-marija.hr\/#website","url":"https:\/\/santa-marija.hr\/","name":"Santa Marija","description":"Pansion konfort","publisher":{"@id":"https:\/\/santa-marija.hr\/#organization"},"potentialAction":[{"@type":"SearchAction","target":{"@type":"EntryPoint","urlTemplate":"https:\/\/santa-marija.hr\/?s={search_term_string}"},"query-input":{"@type":"PropertyValueSpecification","valueRequired":true,"valueName":"search_term_string"}}],"inLanguage":"de"},{"@type":"Organization","@id":"https:\/\/santa-marija.hr\/#organization","name":"Santa Marija","url":"https:\/\/santa-marija.hr\/","logo":{"@type":"ImageObject","inLanguage":"de","@id":"https:\/\/santa-marija.hr\/#\/schema\/logo\/image\/","url":"https:\/\/santa-marija.hr\/wp-content\/uploads\/2023\/08\/Santa-Maria-favicon.png","contentUrl":"https:\/\/santa-marija.hr\/wp-content\/uploads\/2023\/08\/Santa-Maria-favicon.png","width":180,"height":180,"caption":"Santa Marija"},"image":{"@id":"https:\/\/santa-marija.hr\/#\/schema\/logo\/image\/"}}]}},"_links":{"self":[{"href":"https:\/\/santa-marija.hr\/de\/wp-json\/wp\/v2\/pages\/3855","targetHints":{"allow":["GET"]}}],"collection":[{"href":"https:\/\/santa-marija.hr\/de\/wp-json\/wp\/v2\/pages"}],"about":[{"href":"https:\/\/santa-marija.hr\/de\/wp-json\/wp\/v2\/types\/page"}],"author":[{"embeddable":true,"href":"https:\/\/santa-marija.hr\/de\/wp-json\/wp\/v2\/users\/1"}],"replies":[{"embeddable":true,"href":"https:\/\/santa-marija.hr\/de\/wp-json\/wp\/v2\/comments?post=3855"}],"version-history":[{"count":5,"href":"https:\/\/santa-marija.hr\/de\/wp-json\/wp\/v2\/pages\/3855\/revisions"}],"predecessor-version":[{"id":3948,"href":"https:\/\/santa-marija.hr\/de\/wp-json\/wp\/v2\/pages\/3855\/revisions\/3948"}],"wp:attachment":[{"href":"https:\/\/santa-marija.hr\/de\/wp-json\/wp\/v2\/media?parent=3855"}],"curies":[{"name":"wp","href":"https:\/\/api.w.org\/{rel}","templated":true}]}}