{"id":3738,"date":"2023-09-19T11:33:04","date_gmt":"2023-09-19T11:33:04","guid":{"rendered":"https:\/\/santa-marija.hr\/o-nama\/"},"modified":"2023-10-04T11:39:44","modified_gmt":"2023-10-04T11:39:44","slug":"ueber-uns","status":"publish","type":"page","link":"https:\/\/santa-marija.hr\/de\/ueber-uns\/","title":{"rendered":"\u00dcber uns"},"content":{"rendered":"<p><div class=\"fusion-fullwidth fullwidth-box fusion-builder-row-1 fusion-flex-container has-pattern-background has-mask-background fusion-parallax-none nonhundred-percent-fullwidth non-hundred-percent-height-scrolling lazyload\" style=\"--awb-border-radius-top-left:0px;--awb-border-radius-top-right:0px;--awb-border-radius-bottom-right:0px;--awb-border-radius-bottom-left:0px;--awb-padding-top:300px;--awb-padding-bottom:300px;--awb-padding-top-small:100px;--awb-padding-bottom-small:100px;--awb-background-image:linear-gradient(180deg, rgba(0,0,0,0.44) 0%,rgba(0,0,0,0.44) 100%);;--awb-background-size:cover;--awb-flex-wrap:wrap;\" data-bg=\"https:\/\/santa-marija.hr\/wp-content\/uploads\/2023\/09\/Santa-Maria-Onama_Glavna.jpg\" data-bg-gradient=\"linear-gradient(180deg, rgba(0,0,0,0.44) 0%,rgba(0,0,0,0.44) 100%)\" ><div class=\"fusion-builder-row fusion-row fusion-flex-align-items-flex-start fusion-flex-content-wrap\" style=\"max-width:1393.6px;margin-left: calc(-4% \/ 2 );margin-right: calc(-4% \/ 2 );\"><div class=\"fusion-layout-column fusion_builder_column fusion-builder-column-0 fusion_builder_column_1_1 1_1 fusion-flex-column\" style=\"--awb-bg-size:cover;--awb-width-large:100%;--awb-margin-top-large:0px;--awb-spacing-right-large:1.92%;--awb-margin-bottom-large:20px;--awb-spacing-left-large:1.92%;--awb-width-medium:100%;--awb-order-medium:0;--awb-spacing-right-medium:1.92%;--awb-spacing-left-medium:1.92%;--awb-width-small:100%;--awb-order-small:0;--awb-spacing-right-small:1.92%;--awb-spacing-left-small:1.92%;\"><div class=\"fusion-column-wrapper fusion-column-has-shadow fusion-flex-justify-content-flex-start fusion-content-layout-column\"><div class=\"fusion-title title fusion-title-1 fusion-sep-none fusion-title-center fusion-title-text fusion-title-size-one\" style=\"--awb-text-color:var(--awb-color1);--awb-margin-top-small:10px;--awb-margin-right-small:0px;--awb-margin-bottom-small:10px;--awb-margin-left-small:0px;\"><h1 class=\"fusion-title-heading title-heading-center\" style=\"margin:0;text-transform:none;\">\u00dcber uns<\/h1><\/div><\/div><\/div><\/div><\/div><div class=\"fusion-fullwidth fullwidth-box fusion-builder-row-2 fusion-flex-container has-pattern-background has-mask-background nonhundred-percent-fullwidth non-hundred-percent-height-scrolling\" style=\"--awb-background-position:right bottom;--awb-background-repeat:repeat-y;--awb-border-radius-top-left:0px;--awb-border-radius-top-right:0px;--awb-border-radius-bottom-right:0px;--awb-border-radius-bottom-left:0px;--awb-margin-top:100px;--awb-margin-bottom:50px;--awb-margin-top-small:20px;--awb-margin-bottom-small:20px;--awb-flex-wrap:wrap;\" ><div class=\"fusion-builder-row fusion-row fusion-flex-align-items-flex-start fusion-flex-content-wrap\" style=\"max-width:1393.6px;margin-left: calc(-4% \/ 2 );margin-right: calc(-4% \/ 2 );\"><div class=\"fusion-layout-column fusion_builder_column fusion-builder-column-1 fusion_builder_column_1_2 1_2 fusion-flex-column\" style=\"--awb-bg-size:cover;--awb-width-large:50%;--awb-margin-top-large:0px;--awb-spacing-right-large:3.84%;--awb-margin-bottom-large:0px;--awb-spacing-left-large:3.84%;--awb-width-medium:50%;--awb-order-medium:0;--awb-spacing-right-medium:3.84%;--awb-spacing-left-medium:3.84%;--awb-width-small:100%;--awb-order-small:2;--awb-spacing-right-small:1.92%;--awb-spacing-left-small:1.92%;\" data-scroll-devices=\"small-visibility,medium-visibility,large-visibility\"><div class=\"fusion-column-wrapper fusion-column-has-shadow fusion-flex-justify-content-flex-start fusion-content-layout-column\"><div style=\"--awb-popover-heading-background-color:var(--awb-color8);--awb-popover-content-background-color:var(--awb-color8);--awb-popover-text-color:var(--awb-color1);--awb-popover-border-color:var(--awb-color7);\" class=\"awb-image-hotspots awb-image-hotspots-1 md-flex-align-center\"><div class=\"awb-image-hotspots-wrapper\"><img decoding=\"async\" src=\"https:\/\/santa-marija.hr\/wp-content\/uploads\/2023\/09\/Santa-Maria-Onama_5.jpeg\" data-orig-src=\"https:\/\/santa-marija.hr\/wp-content\/uploads\/2023\/09\/Santa-Maria-Onama_5.jpeg\" alt=\"Santa Maria-Onama_5\" width=\"1000\" height=\"666\" title=\"Santa Maria-Onama_5\" class=\"lazyload awb-image-hotspots-image wp-image-3607\" srcset=\"data:image\/svg+xml,%3Csvg%20xmlns%3D%27http%3A%2F%2Fwww.w3.org%2F2000%2Fsvg%27%20width%3D%271000%27%20height%3D%27666%27%20viewBox%3D%270%200%201000%20666%27%3E%3Crect%20width%3D%271000%27%20height%3D%27666%27%20fill-opacity%3D%220%22%2F%3E%3C%2Fsvg%3E\" data-srcset=\"https:\/\/santa-marija.hr\/wp-content\/uploads\/2023\/09\/Santa-Maria-Onama_5-200x133.jpeg 200w, https:\/\/santa-marija.hr\/wp-content\/uploads\/2023\/09\/Santa-Maria-Onama_5-300x200.jpeg 300w, https:\/\/santa-marija.hr\/wp-content\/uploads\/2023\/09\/Santa-Maria-Onama_5-400x266.jpeg 400w, https:\/\/santa-marija.hr\/wp-content\/uploads\/2023\/09\/Santa-Maria-Onama_5-500x333.jpeg 500w, https:\/\/santa-marija.hr\/wp-content\/uploads\/2023\/09\/Santa-Maria-Onama_5-600x400.jpeg 600w, https:\/\/santa-marija.hr\/wp-content\/uploads\/2023\/09\/Santa-Maria-Onama_5-700x466.jpeg 700w, https:\/\/santa-marija.hr\/wp-content\/uploads\/2023\/09\/Santa-Maria-Onama_5-768x511.jpeg 768w, https:\/\/santa-marija.hr\/wp-content\/uploads\/2023\/09\/Santa-Maria-Onama_5-800x533.jpeg 800w, https:\/\/santa-marija.hr\/wp-content\/uploads\/2023\/09\/Santa-Maria-Onama_5.jpeg 1000w\" data-sizes=\"auto\" data-orig-sizes=\"(max-width: 1000px) 100vw, 1000px\"\/><\/div><\/div><\/div><\/div><div class=\"fusion-layout-column fusion_builder_column fusion-builder-column-2 fusion_builder_column_1_2 1_2 fusion-flex-column fusion-flex-align-self-center\" style=\"--awb-padding-left:15x;--awb-bg-size:cover;--awb-width-large:50%;--awb-margin-top-large:0px;--awb-spacing-right-large:3.84%;--awb-margin-bottom-large:0px;--awb-spacing-left-large:3.84%;--awb-width-medium:50%;--awb-order-medium:0;--awb-spacing-right-medium:3.84%;--awb-spacing-left-medium:3.84%;--awb-width-small:100%;--awb-order-small:1;--awb-margin-top-small:20px;--awb-spacing-right-small:1.92%;--awb-margin-bottom-small:20px;--awb-spacing-left-small:1.92%;\" data-scroll-devices=\"small-visibility,medium-visibility,large-visibility\"><div class=\"fusion-column-wrapper fusion-column-has-shadow fusion-flex-justify-content-flex-start fusion-content-layout-column\"><div class=\"fusion-title title fusion-title-2 fusion-sep-none fusion-title-text fusion-title-size-two\" style=\"--awb-margin-top:0px;--awb-margin-top-small:10px;--awb-margin-right-small:0px;--awb-margin-bottom-small:10px;--awb-margin-left-small:0px;\"><h2 class=\"fusion-title-heading title-heading-left\" style=\"margin:0;text-transform:none;\"><span class=\"\">Das kleine, familiengef\u00fchrte <\/span><span class=\"\">Pansion konfort Santa Maria<\/span><span class=\"\"> genie\u00dft eine zentrale Lage in Novigrad, nur wenige Schritte vom Meer entfernt, in der N\u00e4he des Yachthafens und des Sportplatzes.<\/span><\/h2><\/div><\/div><\/div><div class=\"fusion-layout-column fusion_builder_column fusion-builder-column-3 fusion_builder_column_1_2 1_2 fusion-flex-column fusion-flex-align-self-center\" style=\"--awb-padding-left:15x;--awb-bg-size:cover;--awb-width-large:50%;--awb-margin-top-large:0px;--awb-spacing-right-large:3.84%;--awb-margin-bottom-large:0px;--awb-spacing-left-large:3.84%;--awb-width-medium:50%;--awb-order-medium:0;--awb-spacing-right-medium:3.84%;--awb-spacing-left-medium:3.84%;--awb-width-small:100%;--awb-order-small:3;--awb-margin-top-small:40px;--awb-spacing-right-small:1.92%;--awb-spacing-left-small:1.92%;\" data-scroll-devices=\"small-visibility,medium-visibility,large-visibility\"><div class=\"fusion-column-wrapper fusion-column-has-shadow fusion-flex-justify-content-flex-start fusion-content-layout-column\"><div class=\"fusion-text fusion-text-1\" style=\"--awb-text-transform:none;--awb-margin-top:18px;\"><p><span class=\"\">Das <\/span><span class=\"\">Pansion konfort Santa Maria<\/span><span class=\"\"> bietet ger\u00e4umige, stilvolle und klimatisierte Zimmer mit allen notwendigen Einrichtungen und kostenfreiem Internetzugang. Hier erleben Sie die mediterrane Geschichte und mehr als 30 Jahre Familientradition.<\/span><\/p>\n<\/div><div class=\"fusion-text fusion-text-2 fusion-no-small-visibility\" style=\"--awb-text-transform:none;--awb-margin-top:18px;\"><div class=\"\"><span class=\"\">Im Restaurant werden Ihnen verschiedene Meeresfr\u00fcchte, Fleisch und vegetarische Gerichte mit hoher Qualit\u00e4t serviert. Sie k\u00f6nnen im Restaurant oder auf der Terrasse entspannen und die hervorragenden Weine genie\u00dfen, die von den Mitarbeitern sorgf\u00e4ltig ausgew\u00e4hlt werden.<\/span><\/div>\n<\/div><\/div><\/div><div class=\"fusion-layout-column fusion_builder_column fusion-builder-column-4 fusion_builder_column_1_2 1_2 fusion-flex-column\" style=\"--awb-bg-size:cover;--awb-width-large:50%;--awb-margin-top-large:0px;--awb-spacing-right-large:3.84%;--awb-margin-bottom-large:0px;--awb-spacing-left-large:3.84%;--awb-width-medium:50%;--awb-order-medium:0;--awb-spacing-right-medium:3.84%;--awb-spacing-left-medium:3.84%;--awb-width-small:100%;--awb-order-small:4;--awb-spacing-right-small:1.92%;--awb-spacing-left-small:1.92%;\" data-scroll-devices=\"small-visibility,medium-visibility,large-visibility\"><div class=\"fusion-column-wrapper fusion-column-has-shadow fusion-flex-justify-content-flex-start fusion-content-layout-column\"><div style=\"--awb-popover-heading-background-color:var(--awb-color8);--awb-popover-content-background-color:var(--awb-color8);--awb-popover-text-color:var(--awb-color1);--awb-popover-border-color:var(--awb-color7);\" class=\"awb-image-hotspots awb-image-hotspots-2 md-flex-align-center\"><div class=\"awb-image-hotspots-wrapper\"><img decoding=\"async\" src=\"https:\/\/santa-marija.hr\/wp-content\/uploads\/2023\/09\/Santa-Maria-Onama_6.jpeg\" data-orig-src=\"https:\/\/santa-marija.hr\/wp-content\/uploads\/2023\/09\/Santa-Maria-Onama_6.jpeg\" alt=\"Santa Maria-Onama_6\" width=\"1000\" height=\"666\" title=\"Santa Maria-Onama_6\" class=\"lazyload awb-image-hotspots-image wp-image-3610\" srcset=\"data:image\/svg+xml,%3Csvg%20xmlns%3D%27http%3A%2F%2Fwww.w3.org%2F2000%2Fsvg%27%20width%3D%271000%27%20height%3D%27666%27%20viewBox%3D%270%200%201000%20666%27%3E%3Crect%20width%3D%271000%27%20height%3D%27666%27%20fill-opacity%3D%220%22%2F%3E%3C%2Fsvg%3E\" data-srcset=\"https:\/\/santa-marija.hr\/wp-content\/uploads\/2023\/09\/Santa-Maria-Onama_6-200x133.jpeg 200w, https:\/\/santa-marija.hr\/wp-content\/uploads\/2023\/09\/Santa-Maria-Onama_6-300x200.jpeg 300w, https:\/\/santa-marija.hr\/wp-content\/uploads\/2023\/09\/Santa-Maria-Onama_6-400x266.jpeg 400w, https:\/\/santa-marija.hr\/wp-content\/uploads\/2023\/09\/Santa-Maria-Onama_6-500x333.jpeg 500w, https:\/\/santa-marija.hr\/wp-content\/uploads\/2023\/09\/Santa-Maria-Onama_6-600x400.jpeg 600w, https:\/\/santa-marija.hr\/wp-content\/uploads\/2023\/09\/Santa-Maria-Onama_6-700x466.jpeg 700w, https:\/\/santa-marija.hr\/wp-content\/uploads\/2023\/09\/Santa-Maria-Onama_6-768x511.jpeg 768w, https:\/\/santa-marija.hr\/wp-content\/uploads\/2023\/09\/Santa-Maria-Onama_6-800x533.jpeg 800w, https:\/\/santa-marija.hr\/wp-content\/uploads\/2023\/09\/Santa-Maria-Onama_6.jpeg 1000w\" data-sizes=\"auto\" data-orig-sizes=\"(max-width: 1000px) 100vw, 1000px\"\/><\/div><\/div><\/div><\/div><div class=\"fusion-layout-column fusion_builder_column fusion-builder-column-5 fusion_builder_column_1_1 1_1 fusion-flex-column\" style=\"--awb-bg-size:cover;--awb-width-large:100%;--awb-margin-top-large:0px;--awb-spacing-right-large:1.92%;--awb-margin-bottom-large:20px;--awb-spacing-left-large:1.92%;--awb-width-medium:100%;--awb-order-medium:0;--awb-spacing-right-medium:1.92%;--awb-spacing-left-medium:1.92%;--awb-width-small:100%;--awb-order-small:5;--awb-spacing-right-small:1.92%;--awb-spacing-left-small:1.92%;\" data-scroll-devices=\"small-visibility,medium-visibility,large-visibility\"><div class=\"fusion-column-wrapper fusion-column-has-shadow fusion-flex-justify-content-flex-start fusion-content-layout-column\"><div class=\"fusion-text fusion-text-3 fusion-no-medium-visibility fusion-no-large-visibility\" style=\"--awb-text-transform:none;--awb-margin-top:18px;\"><div class=\"\"><span class=\"\">Im Restaurant werden Ihnen verschiedene Meeresfr\u00fcchte, Fleisch und vegetarische Gerichte mit hoher Qualit\u00e4t serviert. Sie k\u00f6nnen im Restaurant oder auf der Terrasse entspannen und die hervorragenden Weine genie\u00dfen, die von den Mitarbeitern sorgf\u00e4ltig ausgew\u00e4hlt werden.<\/span><\/div>\n<\/div><\/div><\/div><\/div><\/div><\/p>\n","protected":false},"excerpt":{"rendered":"","protected":false},"author":1,"featured_media":0,"parent":0,"menu_order":0,"comment_status":"closed","ping_status":"closed","template":"100-width.php","meta":{"_acf_changed":false,"footnotes":""},"class_list":["post-3738","page","type-page","status-publish","hentry"],"acf":[],"yoast_head":"<!-- This site is optimized with the Yoast SEO plugin v27.3 - https:\/\/yoast.com\/product\/yoast-seo-wordpress\/ -->\n<title>\u00dcber uns - Santa Marija<\/title>\n<meta name=\"robots\" content=\"index, follow, max-snippet:-1, max-image-preview:large, max-video-preview:-1\" \/>\n<link rel=\"canonical\" href=\"https:\/\/santa-marija.hr\/o-nama\/\" \/>\n<meta property=\"og:locale\" content=\"de_DE\" \/>\n<meta property=\"og:type\" content=\"article\" \/>\n<meta property=\"og:title\" content=\"\u00dcber uns - Santa Marija\" \/>\n<meta property=\"og:url\" content=\"https:\/\/santa-marija.hr\/o-nama\/\" \/>\n<meta property=\"og:site_name\" content=\"Santa Marija\" \/>\n<meta property=\"article:modified_time\" content=\"2023-10-04T11:39:44+00:00\" \/>\n<meta name=\"twitter:card\" content=\"summary_large_image\" \/>\n<meta name=\"twitter:label1\" content=\"Gesch\u00e4tzte Lesezeit\" \/>\n\t<meta name=\"twitter:data1\" content=\"26\u00a0Minuten\" \/>\n<script type=\"application\/ld+json\" class=\"yoast-schema-graph\">{\"@context\":\"https:\\\/\\\/schema.org\",\"@graph\":[{\"@type\":\"WebPage\",\"@id\":\"https:\\\/\\\/santa-marija.hr\\\/o-nama\\\/\",\"url\":\"https:\\\/\\\/santa-marija.hr\\\/o-nama\\\/\",\"name\":\"\u00dcber uns - Santa Marija\",\"isPartOf\":{\"@id\":\"https:\\\/\\\/santa-marija.hr\\\/#website\"},\"datePublished\":\"2023-09-19T11:33:04+00:00\",\"dateModified\":\"2023-10-04T11:39:44+00:00\",\"breadcrumb\":{\"@id\":\"https:\\\/\\\/santa-marija.hr\\\/o-nama\\\/#breadcrumb\"},\"inLanguage\":\"de\",\"potentialAction\":[{\"@type\":\"ReadAction\",\"target\":[\"https:\\\/\\\/santa-marija.hr\\\/o-nama\\\/\"]}]},{\"@type\":\"BreadcrumbList\",\"@id\":\"https:\\\/\\\/santa-marija.hr\\\/o-nama\\\/#breadcrumb\",\"itemListElement\":[{\"@type\":\"ListItem\",\"position\":1,\"name\":\"Po\u010detna stranica\",\"item\":\"https:\\\/\\\/santa-marija.hr\\\/de\\\/\"},{\"@type\":\"ListItem\",\"position\":2,\"name\":\"\u00dcber uns\"}]},{\"@type\":\"WebSite\",\"@id\":\"https:\\\/\\\/santa-marija.hr\\\/#website\",\"url\":\"https:\\\/\\\/santa-marija.hr\\\/\",\"name\":\"Santa Marija\",\"description\":\"Pansion konfort\",\"publisher\":{\"@id\":\"https:\\\/\\\/santa-marija.hr\\\/#organization\"},\"potentialAction\":[{\"@type\":\"SearchAction\",\"target\":{\"@type\":\"EntryPoint\",\"urlTemplate\":\"https:\\\/\\\/santa-marija.hr\\\/?s={search_term_string}\"},\"query-input\":{\"@type\":\"PropertyValueSpecification\",\"valueRequired\":true,\"valueName\":\"search_term_string\"}}],\"inLanguage\":\"de\"},{\"@type\":\"Organization\",\"@id\":\"https:\\\/\\\/santa-marija.hr\\\/#organization\",\"name\":\"Santa Marija\",\"url\":\"https:\\\/\\\/santa-marija.hr\\\/\",\"logo\":{\"@type\":\"ImageObject\",\"inLanguage\":\"de\",\"@id\":\"https:\\\/\\\/santa-marija.hr\\\/#\\\/schema\\\/logo\\\/image\\\/\",\"url\":\"https:\\\/\\\/santa-marija.hr\\\/wp-content\\\/uploads\\\/2023\\\/08\\\/Santa-Maria-favicon.png\",\"contentUrl\":\"https:\\\/\\\/santa-marija.hr\\\/wp-content\\\/uploads\\\/2023\\\/08\\\/Santa-Maria-favicon.png\",\"width\":180,\"height\":180,\"caption\":\"Santa Marija\"},\"image\":{\"@id\":\"https:\\\/\\\/santa-marija.hr\\\/#\\\/schema\\\/logo\\\/image\\\/\"}}]}<\/script>\n<!-- \/ Yoast SEO plugin. -->","yoast_head_json":{"title":"\u00dcber uns - Santa Marija","robots":{"index":"index","follow":"follow","max-snippet":"max-snippet:-1","max-image-preview":"max-image-preview:large","max-video-preview":"max-video-preview:-1"},"canonical":"https:\/\/santa-marija.hr\/o-nama\/","og_locale":"de_DE","og_type":"article","og_title":"\u00dcber uns - Santa Marija","og_url":"https:\/\/santa-marija.hr\/o-nama\/","og_site_name":"Santa Marija","article_modified_time":"2023-10-04T11:39:44+00:00","twitter_card":"summary_large_image","twitter_misc":{"Gesch\u00e4tzte Lesezeit":"26\u00a0Minuten"},"schema":{"@context":"https:\/\/schema.org","@graph":[{"@type":"WebPage","@id":"https:\/\/santa-marija.hr\/o-nama\/","url":"https:\/\/santa-marija.hr\/o-nama\/","name":"\u00dcber uns - Santa Marija","isPartOf":{"@id":"https:\/\/santa-marija.hr\/#website"},"datePublished":"2023-09-19T11:33:04+00:00","dateModified":"2023-10-04T11:39:44+00:00","breadcrumb":{"@id":"https:\/\/santa-marija.hr\/o-nama\/#breadcrumb"},"inLanguage":"de","potentialAction":[{"@type":"ReadAction","target":["https:\/\/santa-marija.hr\/o-nama\/"]}]},{"@type":"BreadcrumbList","@id":"https:\/\/santa-marija.hr\/o-nama\/#breadcrumb","itemListElement":[{"@type":"ListItem","position":1,"name":"Po\u010detna stranica","item":"https:\/\/santa-marija.hr\/de\/"},{"@type":"ListItem","position":2,"name":"\u00dcber uns"}]},{"@type":"WebSite","@id":"https:\/\/santa-marija.hr\/#website","url":"https:\/\/santa-marija.hr\/","name":"Santa Marija","description":"Pansion konfort","publisher":{"@id":"https:\/\/santa-marija.hr\/#organization"},"potentialAction":[{"@type":"SearchAction","target":{"@type":"EntryPoint","urlTemplate":"https:\/\/santa-marija.hr\/?s={search_term_string}"},"query-input":{"@type":"PropertyValueSpecification","valueRequired":true,"valueName":"search_term_string"}}],"inLanguage":"de"},{"@type":"Organization","@id":"https:\/\/santa-marija.hr\/#organization","name":"Santa Marija","url":"https:\/\/santa-marija.hr\/","logo":{"@type":"ImageObject","inLanguage":"de","@id":"https:\/\/santa-marija.hr\/#\/schema\/logo\/image\/","url":"https:\/\/santa-marija.hr\/wp-content\/uploads\/2023\/08\/Santa-Maria-favicon.png","contentUrl":"https:\/\/santa-marija.hr\/wp-content\/uploads\/2023\/08\/Santa-Maria-favicon.png","width":180,"height":180,"caption":"Santa Marija"},"image":{"@id":"https:\/\/santa-marija.hr\/#\/schema\/logo\/image\/"}}]}},"_links":{"self":[{"href":"https:\/\/santa-marija.hr\/de\/wp-json\/wp\/v2\/pages\/3738","targetHints":{"allow":["GET"]}}],"collection":[{"href":"https:\/\/santa-marija.hr\/de\/wp-json\/wp\/v2\/pages"}],"about":[{"href":"https:\/\/santa-marija.hr\/de\/wp-json\/wp\/v2\/types\/page"}],"author":[{"embeddable":true,"href":"https:\/\/santa-marija.hr\/de\/wp-json\/wp\/v2\/users\/1"}],"replies":[{"embeddable":true,"href":"https:\/\/santa-marija.hr\/de\/wp-json\/wp\/v2\/comments?post=3738"}],"version-history":[{"count":1,"href":"https:\/\/santa-marija.hr\/de\/wp-json\/wp\/v2\/pages\/3738\/revisions"}],"predecessor-version":[{"id":3739,"href":"https:\/\/santa-marija.hr\/de\/wp-json\/wp\/v2\/pages\/3738\/revisions\/3739"}],"wp:attachment":[{"href":"https:\/\/santa-marija.hr\/de\/wp-json\/wp\/v2\/media?parent=3738"}],"curies":[{"name":"wp","href":"https:\/\/api.w.org\/{rel}","templated":true}]}}